{"id":15,"date":"2017-04-01T19:40:59","date_gmt":"2017-04-01T19:40:59","guid":{"rendered":"http:\/\/www.killebergstygbod.se\/?page_id=15"},"modified":"2017-04-01T19:40:59","modified_gmt":"2017-04-01T19:40:59","slug":"om-bloggen","status":"publish","type":"page","link":"http:\/\/www.killebergstygbod.se\/?page_id=15","title":{"rendered":"Om bloggen"},"content":{"rendered":"<p>Hej och h\u00e5 allihopa. Jag heter Sofia och \u00e4r en tjej p\u00e5 19 \u00e5r som kommer att blogga om mode, kl\u00e4der och sj\u00e4lvklart allt om tyg, d\u00e5 jag \u00e4lskar att sy. Men jag kommer faktiskt att \u00e4ven t\u00e4cka andra \u00e4mnen som jag hoppas att ni finner sp\u00e4nnande. Jag \u00e4r ganska privat av mig som person s\u00e5 det blir inte s\u00e5 mycket bloggande om mig sj\u00e4lv men ett och annat blogginl\u00e4gg blir det s\u00e4kert. Om ni vill kontakta mig s\u00e5 kan ni anv\u00e4nda kontaktformul\u00e4ret nedan!<\/p>\n","protected":false},"excerpt":{"rendered":"<p>Hej och h\u00e5 allihopa. Jag heter Sofia och \u00e4r en tjej p\u00e5 19 \u00e5r som kommer att blogga om mode, kl\u00e4der och sj\u00e4lvklart allt om tyg, d\u00e5 jag \u00e4lskar att sy. Men jag kommer faktiskt att \u00e4ven t\u00e4cka andra \u00e4mnen som jag hoppas att ni finner sp\u00e4nnande. Jag \u00e4r ganska privat av mig som person [&hellip;]<\/p>\n","protected":false},"author":1,"featured_media":0,"parent":0,"menu_order":0,"comment_status":"closed","ping_status":"closed","template":"","meta":{"footnotes":""},"_links":{"self":[{"href":"http:\/\/www.killebergstygbod.se\/index.php?rest_route=\/wp\/v2\/pages\/15"}],"collection":[{"href":"http:\/\/www.killebergstygbod.se\/index.php?rest_route=\/wp\/v2\/pages"}],"about":[{"href":"http:\/\/www.killebergstygbod.se\/index.php?rest_route=\/wp\/v2\/types\/page"}],"author":[{"embeddable":true,"href":"http:\/\/www.killebergstygbod.se\/index.php?rest_route=\/wp\/v2\/users\/1"}],"replies":[{"embeddable":true,"href":"http:\/\/www.killebergstygbod.se\/index.php?rest_route=%2Fwp%2Fv2%2Fcomments&post=15"}],"version-history":[{"count":1,"href":"http:\/\/www.killebergstygbod.se\/index.php?rest_route=\/wp\/v2\/pages\/15\/revisions"}],"predecessor-version":[{"id":16,"href":"http:\/\/www.killebergstygbod.se\/index.php?rest_route=\/wp\/v2\/pages\/15\/revisions\/16"}],"wp:attachment":[{"href":"http:\/\/www.killebergstygbod.se\/index.php?rest_route=%2Fwp%2Fv2%2Fmedia&parent=15"}],"curies":[{"name":"wp","href":"https:\/\/api.w.org\/{rel}","templated":true}]}}